{"id":96,"date":"2015-04-23T05:48:16","date_gmt":"2015-04-23T03:48:16","guid":{"rendered":"http:\/\/www.kasisa.ch\/?page_id=96"},"modified":"2024-01-12T16:16:38","modified_gmt":"2024-01-12T14:16:38","slug":"oeffentliche-mitwirkung-regionales-gesamtverkehrs-und-siedlungskonzept-thun-oberland-west-der-2-generation","status":"publish","type":"page","link":"https:\/\/kasisa.ch\/","title":{"rendered":"Berg- und Planungsregionen Kandertal und Obersimmental-Saanenland"},"content":{"rendered":"\n<p><strong>\u00d6ffentliche Mitwirkung<br><\/strong>Regionales Gesamtverkehrs- und Siedlungskonzept Thun-Oberland West (RGSK TOW) 2025 und Agglomerationsprogramm (AP) V+S Thun 5. Generation<\/p>\n\n\n\n<p><strong>Mitwirkungseingaben und Frist<\/strong><br>Die Mitwirkung dauert vom <strong>Donnerstag, 11. Januar bis und mit Freitag, 8. M\u00e4rz 2024<\/strong>. Stellungnahmen und Bemerkungen k\u00f6nnen mittels des vorbereiteten Fragebogens <a href=\"https:\/\/forms.office.com\/e\/0prakx2Xqi\">online<\/a> (siehe Anleitung) ausgef\u00fcllt oder via E-Mail an die Gesch\u00e4ftsstelle ERT zugestellt werden (<a href=\"mailto:info@erthun.ch\">info@erthun.ch<\/a>)<\/p>\n\n\n\n<p><strong><a href=\"http:\/\/kasisa.ch\/?page_id=428\">Mitwirkung RGSK<\/a><\/strong><br>Das RGSK TOW 2025 ist das Resultat einer gezielten Weiterentwicklung und Anpassung des bestehenden RGSK 2021. Es wurde ein aktualisiertes Zielbild f\u00fcr den Horizont 2040 erarbeitet. Ansonsten wurde der Bericht punktuell aktualisiert, sofern relevante neue Grundlagen vorlagen oder \u00fcbergeordnete \u00c4nderungen dies erforderten. Die Massnahmen wurden auf ihren Umsetzungstand \u00fcberpr\u00fcft und wo n\u00f6tig angepasst. Entsprechend wurden auch die RGSK-Karten aktualisiert. Im Bereich Siedlung wurde eine vertiefte Pr\u00fcfung der Arbeitsschwerpunkte und Vorranggebiete Siedlungserweiterung Arbeiten durchgef\u00fchrt. Standorte, die umgesetzt sind, den \u00fcbergeordneten Vorgaben nicht mehr entsprechen oder nicht von regionaler Bedeutung sind, wurden aus dem RGSK entfernt.<\/p>\n\n\n\n<p><strong><a href=\"https:\/\/kasisa.ch\/?page_id=428\">Mitwirkungsdokumente RGSK und Agglomerationsprogramm<\/a><\/strong><\/p>\n\n\n\n<p><strong><a href=\"http:\/\/kasisa.ch\/?page_id=428\">Mitwirkung Agglomerationsprogramm AP<\/a><\/strong><br>Das Agglomerationsprogramm Thun 5. Generation (AP5) wurde auf Basis der Agglomerationsprogramme der 1. bis 4. Generation neu erstellt. Nachdem im AP4 das Zukunftsbild f\u00fcr den Horizont 2040 erneuert und die Teilstrategien und Massnahmen basierend auf dem festgestellten Handlungsbedarf systematisch neu erarbeitet wurden, lag bei der Erarbeitung des AP5 der Fokus auf der Entwicklung von umsetzungsreifen Massnahmen. Neu sind nur noch ausgew\u00e4hlte Massnahmen aus dem Agglomerationsperimeter, die den n\u00f6tigen Reifegrad aufweisen, im AP enthalten. Konzeptionelle Massnahmen oder solche mit Langfristcharakter werden vorerst im Handlungsbedarf und in den Teilstrategien behandelt. Dies gilt insbesondere auch f\u00fcr die gr\u00f6sseren Infrastrukturl\u00f6sungen aus der Verkehrsstudie Thun Innenstadt \u2013 rechte Seeseite.<br><br><a href=\"https:\/\/kasisa.ch\/?attachment_id=416\"><strong>Genehmigungsversion Kandertal und Obersimmental-Saanenland<\/strong><\/a><a href=\"http:\/\/kasisa.ch\/?attachment_id=416\"><strong> RGSK 2021<\/strong><\/a><\/p>\n","protected":false},"excerpt":{"rendered":"<p>\u00d6ffentliche MitwirkungRegionales Gesamtverkehrs- und Siedlungskonzept Thun-Oberland West (RGSK TOW) 2025 und Agglomerationsprogramm (AP) V+S Thun 5. Generation Mitwirkungseingaben und FristDie Mitwirkung dauert vom Donnerstag, 11. Januar bis und mit Freitag, 8. M\u00e4rz 2024. Stellungnahmen und Bemerkungen k\u00f6nnen mittels des vorbereiteten Fragebogens online (siehe Anleitung) ausgef\u00fcllt oder via E-Mail an die Gesch\u00e4ftsstelle ERT zugestellt werden (info@erthun.ch) &hellip; <a href=\"https:\/\/kasisa.ch\/\" class=\"more-link\"><span class=\"screen-reader-text\">Berg- und Planungsregionen Kandertal und Obersimmental-Saanenland<\/span> weiterlesen<\/a><\/p>\n","protected":false},"author":1,"featured_media":37,"parent":0,"menu_order":0,"comment_status":"closed","ping_status":"open","template":"","meta":{"footnotes":""},"class_list":["post-96","page","type-page","status-publish","has-post-thumbnail","hentry"],"_links":{"self":[{"href":"https:\/\/kasisa.ch\/index.php?rest_route=\/wp\/v2\/pages\/96"}],"collection":[{"href":"https:\/\/kasisa.ch\/index.php?rest_route=\/wp\/v2\/pages"}],"about":[{"href":"https:\/\/kasisa.ch\/index.php?rest_route=\/wp\/v2\/types\/page"}],"author":[{"embeddable":true,"href":"https:\/\/kasisa.ch\/index.php?rest_route=\/wp\/v2\/users\/1"}],"replies":[{"embeddable":true,"href":"https:\/\/kasisa.ch\/index.php?rest_route=%2Fwp%2Fv2%2Fcomments&post=96"}],"version-history":[{"count":40,"href":"https:\/\/kasisa.ch\/index.php?rest_route=\/wp\/v2\/pages\/96\/revisions"}],"predecessor-version":[{"id":446,"href":"https:\/\/kasisa.ch\/index.php?rest_route=\/wp\/v2\/pages\/96\/revisions\/446"}],"wp:featuredmedia":[{"embeddable":true,"href":"https:\/\/kasisa.ch\/index.php?rest_route=\/wp\/v2\/media\/37"}],"wp:attachment":[{"href":"https:\/\/kasisa.ch\/index.php?rest_route=%2Fwp%2Fv2%2Fmedia&parent=96"}],"curies":[{"name":"wp","href":"https:\/\/api.w.org\/{rel}","templated":true}]}}