{"id":385,"date":"2020-03-02T06:15:48","date_gmt":"2020-03-02T04:15:48","guid":{"rendered":"http:\/\/www.kasisa.ch\/?page_id=385"},"modified":"2020-03-02T09:11:08","modified_gmt":"2020-03-02T07:11:08","slug":"regionales-gesamtverkehrs-und-siedlungskonzept-thun-oberland-west-2021","status":"publish","type":"page","link":"https:\/\/kasisa.ch\/?page_id=385","title":{"rendered":"Regionales Gesamtverkehrs- und Siedlungskonzept Thun-Oberland West 2021"},"content":{"rendered":"\n<p><strong>\u00d6ffentliche Mitwirkung vom 2. M\u00e4rz &#8211; 2. April 2020<\/strong><\/p>\n\n\n\n<p><strong>Mitwirkungsdokumente f\u00fcr den l\u00e4ndlichen Raum:<\/strong><\/p>\n\n\n\n<ul class=\"wp-block-list\"><li><a rel=\"noreferrer noopener\" aria-label=\"RGSK TOW 2021, Auszug aus dem Bericht als Mitwirkungsexemplar, 28.2.2020. (\u00f6ffnet in neuem Tab)\" href=\"https:\/\/kasisa.ch\/?attachment_id=396\" target=\"_blank\">RGSK TOW 2021, Auszug aus dem Bericht als Mitwirkungsexemplar, 28.2.2020.<\/a><\/li><li><a rel=\"noreferrer noopener\" aria-label=\"RGSK TOW 2021, \u00dcbersichtskarte Teil Nord 1:50\u2018000, Ausschnitt Gebiet Erlenbach\/Oey 1:20\u2018000, Exemplar f\u00fcr die Mitwirkung, 28.2.2020. (\u00f6ffnet in neuem Tab)\" href=\"https:\/\/kasisa.ch\/?attachment_id=399\" target=\"_blank\">RGSK TOW 2021, \u00dcbersichtskarte Teil Nord 1:50\u2018000, Ausschnitt Gebiet Erlenbach\/Oey 1:20\u2018000, Exemplar f\u00fcr die Mitwirkung, 28.2.2020.<\/a><\/li><li><a rel=\"noreferrer noopener\" aria-label=\"RGSK TOW 2. Generation, \u00dcbersichtskarte Teil S\u00fcd 1:50\u2018000, Ausschnitte Gebiete 1:20\u2018000, Exemplar f\u00fcr die Mitwirkung, 28.2.2020. (\u00f6ffnet in neuem Tab)\" href=\"https:\/\/kasisa.ch\/?attachment_id=400\" target=\"_blank\">RGSK TOW 2. Generation, \u00dcbersichtskarte Teil S\u00fcd 1:50\u2018000, Ausschnitte Gebiete 1:20\u2018000, Exemplar f\u00fcr die Mitwirkung, 28.2.2020.<\/a><\/li><li><a rel=\"noreferrer noopener\" aria-label=\"RGSK TOW 2. Generation, Karte Ausschnitt Agglomeration Thun 1:25\u2018000, Exemplar f\u00fcr die Mitwirkung, 28.2.2020. (\u00f6ffnet in neuem Tab)\" href=\"https:\/\/kasisa.ch\/?attachment_id=398\" target=\"_blank\">RGSK TOW 2. Generation, Karte Ausschnitt Agglomeration Thun 1:25\u2018000, Exemplar f\u00fcr die Mitwirkung, 28.2.2020.<\/a><\/li><li><a rel=\"noreferrer noopener\" aria-label=\"RGSK 2021 Massnahmenkatalog Siedlung + Landschaft inkl. Massnahmen Agglomerationsprogramm, 28.2.2020. (\u00f6ffnet in neuem Tab)\" href=\"https:\/\/kasisa.ch\/?attachment_id=401\" target=\"_blank\">RGSK 2021 Massnahmenkatalog Siedlung + Landschaft inkl. Massnahmen Agglomerationsprogramm, 28.2.2020.<\/a><\/li><li><a href=\"https:\/\/kasisa.ch\/?attachment_id=395\" target=\"_blank\" rel=\"noreferrer noopener\" aria-label=\"RGSK TOW 2021, Mitwirkungsformular, 2.3.2020. (\u00f6ffnet in neuem Tab)\">RGSK TOW 2021, Mitwirkungsformular, 2.3.2020.<\/a><\/li><\/ul>\n\n\n\n<p><strong>Mitwirkungsdokumente f\u00fcr den Agglomerationsperimeter:<\/strong><\/p>\n\n\n\n<ul class=\"wp-block-list\"><li><a href=\"https:\/\/entwicklungsraum-thun.ch\/landschaft-siedlung-verkehr\/agglomerationsprogramm-ap-v-s-thun-2-generation\/\" target=\"_blank\" rel=\"noreferrer noopener\" aria-label=\"Agglomerationsprogramm V+S Thun 4. Generation, Teil I: Bericht. 28.2.2020.\u2028RGSK TOW 2. Generation, Karte Ausschnitt Agglomeration Thun 1:25\u2018000, Exemplar f\u00fcr die Mitwirkung.\u2028Massnahmen Siedlung + Landschaft: siehe RGSK.\n Agglomerationsprogramm V+S Thun 4. Generation, Mitwirkungsformular, 28.2.2020. (\u00f6ffnet in neuem Tab)\">Agglomerationsprogramm V+S Thun 4. Generation, Teil I: Bericht. 28.2.2020.<\/a><\/li><li><a href=\"https:\/\/entwicklungsraum-thun.ch\/landschaft-siedlung-verkehr\/agglomerationsprogramm-ap-v-s-thun-2-generation\/\" target=\"_blank\" rel=\"noreferrer noopener\" aria-label=\"Agglomerationsprogramm V+S Thun 4. Generation, Teil I: Bericht. 28.2.2020.\u2028RGSK TOW 2. Generation, Karte Ausschnitt Agglomeration Thun 1:25\u2018000, Exemplar f\u00fcr die Mitwirkung.\u2028Massnahmen Siedlung + Landschaft: siehe RGSK.\n Agglomerationsprogramm V+S Thun 4. Generation, Mitwirkungsformular, 28.2.2020. (\u00f6ffnet in neuem Tab)\">RGSK TOW 2. Generation, Karte Ausschnitt Agglomeration Thun 1:25\u2018000, Exemplar f\u00fcr die Mitwirkung.<\/a><\/li><li><a href=\"https:\/\/entwicklungsraum-thun.ch\/landschaft-siedlung-verkehr\/agglomerationsprogramm-ap-v-s-thun-2-generation\/\" target=\"_blank\" rel=\"noreferrer noopener\" aria-label=\"Agglomerationsprogramm V+S Thun 4. Generation, Teil I: Bericht. 28.2.2020.\u2028RGSK TOW 2. Generation, Karte Ausschnitt Agglomeration Thun 1:25\u2018000, Exemplar f\u00fcr die Mitwirkung.\u2028Massnahmen Siedlung + Landschaft: siehe RGSK.\n Agglomerationsprogramm V+S Thun 4. Generation, Mitwirkungsformular, 28.2.2020. (\u00f6ffnet in neuem Tab)\">Massnahmen Siedlung + Landschaft: siehe RGSK.<br> Agglomerationsprogramm V+S Thun 4. Generation, Mitwirkungsformular, 28.2.2020.<\/a><\/li><\/ul>\n","protected":false},"excerpt":{"rendered":"<p>\u00d6ffentliche Mitwirkung vom 2. M\u00e4rz &#8211; 2. April 2020 Mitwirkungsdokumente f\u00fcr den l\u00e4ndlichen Raum: RGSK TOW 2021, Auszug aus dem Bericht als Mitwirkungsexemplar, 28.2.2020. RGSK TOW 2021, \u00dcbersichtskarte Teil Nord 1:50\u2018000, Ausschnitt Gebiet Erlenbach\/Oey 1:20\u2018000, Exemplar f\u00fcr die Mitwirkung, 28.2.2020. RGSK TOW 2. Generation, \u00dcbersichtskarte Teil S\u00fcd 1:50\u2018000, Ausschnitte Gebiete 1:20\u2018000, Exemplar f\u00fcr die Mitwirkung, &hellip; <a href=\"https:\/\/kasisa.ch\/?page_id=385\" class=\"more-link\"><span class=\"screen-reader-text\">Regionales Gesamtverkehrs- und Siedlungskonzept Thun-Oberland West 2021<\/span> weiterlesen<\/a><\/p>\n","protected":false},"author":1,"featured_media":0,"parent":0,"menu_order":0,"comment_status":"closed","ping_status":"open","template":"","meta":{"footnotes":""},"class_list":["post-385","page","type-page","status-publish","hentry"],"_links":{"self":[{"href":"https:\/\/kasisa.ch\/index.php?rest_route=\/wp\/v2\/pages\/385"}],"collection":[{"href":"https:\/\/kasisa.ch\/index.php?rest_route=\/wp\/v2\/pages"}],"about":[{"href":"https:\/\/kasisa.ch\/index.php?rest_route=\/wp\/v2\/types\/page"}],"author":[{"embeddable":true,"href":"https:\/\/kasisa.ch\/index.php?rest_route=\/wp\/v2\/users\/1"}],"replies":[{"embeddable":true,"href":"https:\/\/kasisa.ch\/index.php?rest_route=%2Fwp%2Fv2%2Fcomments&post=385"}],"version-history":[{"count":8,"href":"https:\/\/kasisa.ch\/index.php?rest_route=\/wp\/v2\/pages\/385\/revisions"}],"predecessor-version":[{"id":413,"href":"https:\/\/kasisa.ch\/index.php?rest_route=\/wp\/v2\/pages\/385\/revisions\/413"}],"wp:attachment":[{"href":"https:\/\/kasisa.ch\/index.php?rest_route=%2Fwp%2Fv2%2Fmedia&parent=385"}],"curies":[{"name":"wp","href":"https:\/\/api.w.org\/{rel}","templated":true}]}}